{"id":2945,"date":"2020-06-11T07:40:19","date_gmt":"2020-06-11T05:40:19","guid":{"rendered":"https:\/\/wp.dachdecker-sell.de\/?page_id=2945"},"modified":"2020-06-11T07:42:34","modified_gmt":"2020-06-11T05:42:34","slug":"impressum","status":"publish","type":"page","link":"https:\/\/wp.dachdecker-sell.de\/?page_id=2945","title":{"rendered":"Impressum"},"content":{"rendered":"\t<section class=\"section\" id=\"section_354566652\">\n\t\t<div class=\"bg section-bg fill bg-fill  bg-loaded\" >\n\n\t\t\t\n\t\t\t\n\t\t\t\n\t<div class=\"is-border\"\n\t\tstyle=\"border-width:0px 0px 0px 0px;margin:-px 0px 0px 0px;\">\n\t<\/div>\n\n\t\t<\/div>\n\n\t\t\n\n\t\t<div class=\"section-content relative\">\n\t\t\t\n\n  <div class=\"banner has-hover\" id=\"banner-287329216\">\n          <div class=\"banner-inner fill\">\n        <div class=\"banner-bg fill\" >\n            <div class=\"bg fill bg-fill \"><\/div>\n                                    \n                    <\/div>\n\t\t\n        <div class=\"banner-layers container\">\n            <div class=\"fill banner-link\"><\/div>            \n\n\n        <\/div>\n      <\/div>\n\n            \n<style>\n#banner-287329216 {\n  padding-top: 90px;\n}\n#banner-287329216 .bg.bg-loaded {\n  background-image: url(https:\/\/wp.dachdecker-sell.de\/wp-content\/uploads\/2020\/02\/777-scaled.jpg);\n}\n#banner-287329216 .bg {\n  background-position: 40% 60%;\n}\n@media (min-width:550px) {\n  #banner-287329216 {\n    padding-top: 200px;\n  }\n}\n@media (min-width:850px) {\n  #banner-287329216 {\n    padding-top: 300px;\n  }\n}\n<\/style>\n  <\/div>\n\n\n\t<div id=\"gap-1487925003\" class=\"gap-element clearfix\" style=\"display:block; height:auto;\">\n\t\t\n<style>\n#gap-1487925003 {\n  padding-top: 0px;\n}\n<\/style>\n\t<\/div>\n\t\n\t\t<\/div>\n\n\t\t\n<style>\n#section_354566652 {\n  padding-top: 0px;\n  padding-bottom: 0px;\n  margin-bottom: 0px;\n  min-height: 0px;\n}\n<\/style>\n\t<\/section>\n\t\n\t<section class=\"section startbanner\" id=\"section_1498920249\">\n\t\t<div class=\"bg section-bg fill bg-fill  bg-loaded\" >\n\n\t\t\t\n\t\t\t\n\t\t\t\n\n\t\t<\/div>\n\n\t\t\n\n\t\t<div class=\"section-content relative\">\n\t\t\t\n<div class=\"row row-collapse row-full-width\"  id=\"row-213828440\">\n\n\t<div id=\"col-738254048\" class=\"col medium-2 large-2\"  >\n\t\t\t\t<div class=\"col-inner\"  >\n\t\t\t\n\t\t\t\n\n  <div class=\"banner has-hover\" id=\"banner-923312698\">\n          <div class=\"banner-inner fill\">\n        <div class=\"banner-bg fill\" >\n            <div class=\"bg fill bg-fill \"><\/div>\n                                    \n                    <\/div>\n\t\t\n        <div class=\"banner-layers container\">\n            <div class=\"fill banner-link\"><\/div>            \n        <\/div>\n      <\/div>\n\n            \n<style>\n#banner-923312698 {\n  padding-top: 100px;\n}\n#banner-923312698 .bg.bg-loaded {\n  background-image: url(https:\/\/wp.dachdecker-sell.de\/wp-content\/uploads\/2020\/05\/9CC37F88-CB5F-4B02-A223-8CE5C35127A6.jpeg);\n}\n#banner-923312698 .bg {\n  background-position: 58% 49%;\n}\n@media (min-width:550px) {\n  #banner-923312698 {\n    padding-top: 200px;\n  }\n}\n@media (min-width:850px) {\n  #banner-923312698 {\n    padding-top: 300px;\n  }\n}\n<\/style>\n  <\/div>\n\n\n\t\t<\/div>\n\t\t\t\t\t<\/div>\n\n\t\n\n\t<div id=\"col-1598350327\" class=\"col medium-3 large-3\"  >\n\t\t\t\t<div class=\"col-inner\"  >\n\t\t\t\n\t\t\t\n\n  <div class=\"banner has-hover\" id=\"banner-1757904846\">\n          <div class=\"banner-inner fill\">\n        <div class=\"banner-bg fill\" >\n            <div class=\"bg fill bg-fill \"><\/div>\n                                    \n                    <\/div>\n\t\t\n        <div class=\"banner-layers container\">\n            <div class=\"fill banner-link\"><\/div>            \n        <\/div>\n      <\/div>\n\n            \n<style>\n#banner-1757904846 {\n  padding-top: 100px;\n}\n#banner-1757904846 .bg.bg-loaded {\n  background-image: url(https:\/\/wp.dachdecker-sell.de\/wp-content\/uploads\/2020\/05\/F30926C3-0AA2-4CB5-A7B8-F0017FFB2D1F.jpeg);\n}\n#banner-1757904846 .bg {\n  background-position: 59% 49%;\n}\n@media (min-width:550px) {\n  #banner-1757904846 {\n    padding-top: 200px;\n  }\n}\n@media (min-width:850px) {\n  #banner-1757904846 {\n    padding-top: 300px;\n  }\n}\n<\/style>\n  <\/div>\n\n\n\t\t<\/div>\n\t\t\t\t\t<\/div>\n\n\t\n\n\t<div id=\"col-601359894\" class=\"col medium-2 large-2\"  >\n\t\t\t\t<div class=\"col-inner\"  >\n\t\t\t\n\t\t\t\n\n  <div class=\"banner has-hover\" id=\"banner-474197701\">\n          <div class=\"banner-inner fill\">\n        <div class=\"banner-bg fill\" >\n            <div class=\"bg fill bg-fill \"><\/div>\n                                    \n                    <\/div>\n\t\t\n        <div class=\"banner-layers container\">\n            <div class=\"fill banner-link\"><\/div>            \n        <\/div>\n      <\/div>\n\n            \n<style>\n#banner-474197701 {\n  padding-top: 100px;\n}\n#banner-474197701 .bg.bg-loaded {\n  background-image: url(https:\/\/wp.dachdecker-sell.de\/wp-content\/uploads\/2020\/05\/58E2DAAD-AFA2-4084-B9A6-2F99EEFB791F-rotated.jpeg);\n}\n#banner-474197701 .bg {\n  background-position: 100% 90%;\n}\n@media (min-width:550px) {\n  #banner-474197701 {\n    padding-top: 200px;\n  }\n}\n@media (min-width:850px) {\n  #banner-474197701 {\n    padding-top: 300px;\n  }\n}\n<\/style>\n  <\/div>\n\n\n\t\t<\/div>\n\t\t\t\t\t<\/div>\n\n\t\n\n\t<div id=\"col-693666004\" class=\"col medium-3 large-3\"  >\n\t\t\t\t<div class=\"col-inner\"  >\n\t\t\t\n\t\t\t\n\n  <div class=\"banner has-hover\" id=\"banner-507150087\">\n          <div class=\"banner-inner fill\">\n        <div class=\"banner-bg fill\" >\n            <div class=\"bg fill bg-fill \"><\/div>\n                                    \n                    <\/div>\n\t\t\n        <div class=\"banner-layers container\">\n            <div class=\"fill banner-link\"><\/div>            \n        <\/div>\n      <\/div>\n\n            \n<style>\n#banner-507150087 {\n  padding-top: 100px;\n}\n#banner-507150087 .bg.bg-loaded {\n  background-image: url(https:\/\/wp.dachdecker-sell.de\/wp-content\/uploads\/2020\/05\/BE4B1117-D30D-4AC1-9A46-79824914E9A0.jpeg);\n}\n#banner-507150087 .bg {\n  background-position: 70% 64%;\n}\n@media (min-width:550px) {\n  #banner-507150087 {\n    padding-top: 200px;\n  }\n}\n@media (min-width:850px) {\n  #banner-507150087 {\n    padding-top: 300px;\n  }\n}\n<\/style>\n  <\/div>\n\n\n\t\t<\/div>\n\t\t\t\t\t<\/div>\n\n\t\n\n\t<div id=\"col-80344010\" class=\"col medium-2 large-2\"  >\n\t\t\t\t<div class=\"col-inner\"  >\n\t\t\t\n\t\t\t\n\n  <div class=\"banner has-hover\" id=\"banner-96583295\">\n          <div class=\"banner-inner fill\">\n        <div class=\"banner-bg fill\" >\n            <div class=\"bg fill bg-fill \"><\/div>\n                                    \n                    <\/div>\n\t\t\n        <div class=\"banner-layers container\">\n            <div class=\"fill banner-link\"><\/div>            \n        <\/div>\n      <\/div>\n\n            \n<style>\n#banner-96583295 {\n  padding-top: 100px;\n}\n#banner-96583295 .bg.bg-loaded {\n  background-image: url(https:\/\/wp.dachdecker-sell.de\/wp-content\/uploads\/2020\/05\/C63001B3-51C7-4324-86A2-ADEEF9516AD1.jpeg);\n}\n#banner-96583295 .bg {\n  background-position: 19% 50%;\n}\n@media (min-width:550px) {\n  #banner-96583295 {\n    padding-top: 200px;\n  }\n}\n@media (min-width:850px) {\n  #banner-96583295 {\n    padding-top: 300px;\n  }\n}\n<\/style>\n  <\/div>\n\n\n\t\t<\/div>\n\t\t\t\t\t<\/div>\n\n\t\n<\/div>\n\t\t<\/div>\n\n\t\t\n<style>\n#section_1498920249 {\n  padding-top: 0px;\n  padding-bottom: 0px;\n  margin-bottom: 23px;\n  min-height: 100%;\n  background-color: rgb(236, 34, 23);\n}\n<\/style>\n\t<\/section>\n\t\n\t<section class=\"section\" id=\"section_389096390\">\n\t\t<div class=\"bg section-bg fill bg-fill  bg-loaded\" >\n\n\t\t\t\n\t\t\t\n\t\t\t\n\n\t\t<\/div>\n\n\t\t\n\n\t\t<div class=\"section-content relative\">\n\t\t\t\n<div class=\"row\"  id=\"row-201888080\">\n\n\t<div id=\"col-1017716841\" class=\"col medium-10 small-12 large-10\"  >\n\t\t\t\t<div class=\"col-inner\"  >\n\t\t\t\n\t\t\t\n\t<div id=\"gap-986291936\" class=\"gap-element clearfix\" style=\"display:block; height:auto;\">\n\t\t\n<style>\n#gap-986291936 {\n  padding-top: 30px;\n}\n<\/style>\n\t<\/div>\n\t\n<h2><span style=\"color: #333333;\">Impressum<\/span><\/h2>\n<h2>Angaben gem\u00e4\u00df \u00a7 5 TMG<\/h2>\n<p>Dachdecker Sell GmbH<br \/>Saarower Stra\u00dfe 32<br \/>15526 Reichenwalde<\/p>\n<p>Handelsregister: HRB14405FF<br \/>Registergericht: Frankfurt (Oder)<\/p>\n<p><strong>Vertreten durch:<\/strong><br \/>Alexander Sell<\/p>\n<div class=\"is-divider divider clearfix\" style=\"max-width:119px;background-color:rgb(0, 1, 255);\"><\/div>\n\t\t<\/div>\n\t\t\t\t\t<\/div>\n\n\t\n\n\t<div id=\"col-449391425\" class=\"col medium-2 small-12 large-2\"  >\n\t\t\t\t<div class=\"col-inner\"  >\n\t\t\t\n\t\t\t\n\t<div id=\"gap-2031079773\" class=\"gap-element clearfix\" style=\"display:block; height:auto;\">\n\t\t\n<style>\n#gap-2031079773 {\n  padding-top: 92px;\n}\n<\/style>\n\t<\/div>\n\t\n\t<div class=\"img has-hover x md-x lg-x y md-y lg-y\" id=\"image_707218503\">\n\t\t\t\t\t\t\t\t<div class=\"img-inner dark\" >\n\t\t\t<img loading=\"lazy\" decoding=\"async\" width=\"120\" height=\"156\" src=\"https:\/\/wp.dachdecker-sell.de\/wp-content\/uploads\/2018\/07\/erecht24-siegel-impressum-blau.png\" class=\"attachment-large size-large\" alt=\"\" \/>\t\t\t\t\t\t\n\t\t\t\t\t<\/div>\n\t\t\t\t\t\t\t\t\n<style>\n#image_707218503 {\n  width: 100%;\n}\n<\/style>\n\t<\/div>\n\t\n\t\t<\/div>\n\t\t\t\t\t<\/div>\n\n\t\n\n\t<div id=\"col-1112816115\" class=\"col medium-11 small-12 large-11\"  >\n\t\t\t\t<div class=\"col-inner\"  >\n\t\t\t\n\t\t\t\n<h2>Kontakt<\/h2>\n<p>Telefon: 03363 646987<br \/>Telefax: 03363 646988<br \/>E-Mail: dachdecker.sell@t-online.de<\/p>\n<h2>Umsatzsteuer-ID<\/h2>\n<p>Umsatzsteuer-Identifikationsnummer gem\u00e4\u00df \u00a7 27 a Umsatzsteuergesetz:<br \/>DE 286 924 243<\/p>\n<h2>Berufsbezeichnung und berufsrechtliche Regelungen<\/h2>\n<p>Berufsbezeichnung: Dachdecker<br \/>Zust\u00e4ndige Kammer: Handwerkskammer Frankfurt (Oder)<br \/>Verliehen durch: Brandenburg<br \/>Es gelten folgende berufsrechtliche Regelungen: SOKA<br \/>Regelungen einsehbar unter: <a href=\"http:\/\/\" target=\"_blank\" rel=\"noopener noreferrer\">http:\/\/<\/a><\/p>\n<h2>EU-Streitschlichtung<\/h2>\n<p>Die Europ\u00e4ische Kommission stellt eine Plattform zur Online-Streitbeilegung (OS) bereit: <a href=\"https:\/\/ec.europa.eu\/consumers\/odr\" target=\"_blank\" rel=\"noopener noreferrer\">https:\/\/ec.europa.eu\/consumers\/odr<\/a>.<br \/>Unsere E-Mail-Adresse finden Sie oben im Impressum.<\/p>\n<h2>Verbraucher\u00adstreit\u00adbeilegung\/Universal\u00adschlichtungs\u00adstelle<\/h2>\n<p>Wir sind nicht bereit oder verpflichtet, an Streitbeilegungsverfahren vor einer Verbraucherschlichtungsstelle teilzunehmen.<\/p>\n<h3>Haftung f\u00fcr Inhalte<\/h3>\n<p>Als Diensteanbieter sind wir gem\u00e4\u00df \u00a7 7 Abs.1 TMG f\u00fcr eigene Inhalte auf diesen Seiten nach den allgemeinen Gesetzen verantwortlich. Nach \u00a7\u00a7 8 bis 10 TMG sind wir als Diensteanbieter jedoch nicht verpflichtet, \u00fcbermittelte oder gespeicherte fremde Informationen zu \u00fcberwachen oder nach Umst\u00e4nden zu forschen, die auf eine rechtswidrige T\u00e4tigkeit hinweisen.<\/p>\n<p>Verpflichtungen zur Entfernung oder Sperrung der Nutzung von Informationen nach den allgemeinen Gesetzen bleiben hiervon unber\u00fchrt. Eine diesbez\u00fcgliche Haftung ist jedoch erst ab dem Zeitpunkt der Kenntnis einer konkreten Rechtsverletzung m\u00f6glich. Bei Bekanntwerden von entsprechenden Rechtsverletzungen werden wir diese Inhalte umgehend entfernen.<\/p>\n<h3>Haftung f\u00fcr Links<\/h3>\n<p>Unser Angebot enth\u00e4lt Links zu externen Websites Dritter, auf deren Inhalte wir keinen Einfluss haben. Deshalb k\u00f6nnen wir f\u00fcr diese fremden Inhalte auch keine Gew\u00e4hr \u00fcbernehmen. F\u00fcr die Inhalte der verlinkten Seiten ist stets der jeweilige Anbieter oder Betreiber der Seiten verantwortlich. Die verlinkten Seiten wurden zum Zeitpunkt der Verlinkung auf m\u00f6gliche Rechtsverst\u00f6\u00dfe \u00fcberpr\u00fcft. Rechtswidrige Inhalte waren zum Zeitpunkt der Verlinkung nicht erkennbar.<\/p>\n<p>Eine permanente inhaltliche Kontrolle der verlinkten Seiten ist jedoch ohne konkrete Anhaltspunkte einer Rechtsverletzung nicht zumutbar. Bei Bekanntwerden von Rechtsverletzungen werden wir derartige Links umgehend entfernen.<\/p>\n<h3>Urheberrecht<\/h3>\n<p>Die durch die Seitenbetreiber erstellten Inhalte und Werke auf diesen Seiten unterliegen dem deutschen Urheberrecht. Die Vervielf\u00e4ltigung, Bearbeitung, Verbreitung und jede Art der Verwertung au\u00dferhalb der Grenzen des Urheberrechtes bed\u00fcrfen der schriftlichen Zustimmung des jeweiligen Autors bzw. Erstellers. Downloads und Kopien dieser Seite sind nur f\u00fcr den privaten, nicht kommerziellen Gebrauch gestattet.<\/p>\n<p>Soweit die Inhalte auf dieser Seite nicht vom Betreiber erstellt wurden, werden die Urheberrechte Dritter beachtet. Insbesondere werden Inhalte Dritter als solche gekennzeichnet. Sollten Sie trotzdem auf eine Urheberrechtsverletzung aufmerksam werden, bitten wir um einen entsprechenden Hinweis. Bei Bekanntwerden von Rechtsverletzungen werden wir derartige Inhalte umgehend entfernen.<\/p>\n\t\t<\/div>\n\t\t\t\t\t<\/div>\n\n\t\n<\/div>\n\t\t<\/div>\n\n\t\t\n<style>\n#section_389096390 {\n  padding-top: 0px;\n  padding-bottom: 0px;\n  margin-bottom: 22px;\n}\n<\/style>\n\t<\/section>\n\t\n","protected":false},"excerpt":{"rendered":"","protected":false},"author":5,"featured_media":0,"parent":0,"menu_order":0,"comment_status":"closed","ping_status":"closed","template":"page-header-on-scroll.php","meta":{"footnotes":""},"class_list":["post-2945","page","type-page","status-publish","hentry"],"_links":{"self":[{"href":"https:\/\/wp.dachdecker-sell.de\/index.php?rest_route=\/wp\/v2\/pages\/2945","targetHints":{"allow":["GET"]}}],"collection":[{"href":"https:\/\/wp.dachdecker-sell.de\/index.php?rest_route=\/wp\/v2\/pages"}],"about":[{"href":"https:\/\/wp.dachdecker-sell.de\/index.php?rest_route=\/wp\/v2\/types\/page"}],"author":[{"embeddable":true,"href":"https:\/\/wp.dachdecker-sell.de\/index.php?rest_route=\/wp\/v2\/users\/5"}],"replies":[{"embeddable":true,"href":"https:\/\/wp.dachdecker-sell.de\/index.php?rest_route=%2Fwp%2Fv2%2Fcomments&post=2945"}],"version-history":[{"count":2,"href":"https:\/\/wp.dachdecker-sell.de\/index.php?rest_route=\/wp\/v2\/pages\/2945\/revisions"}],"predecessor-version":[{"id":2947,"href":"https:\/\/wp.dachdecker-sell.de\/index.php?rest_route=\/wp\/v2\/pages\/2945\/revisions\/2947"}],"wp:attachment":[{"href":"https:\/\/wp.dachdecker-sell.de\/index.php?rest_route=%2Fwp%2Fv2%2Fmedia&parent=2945"}],"curies":[{"name":"wp","href":"https:\/\/api.w.org\/{rel}","templated":true}]}}